{"id":12509,"date":"2018-12-14T17:20:47","date_gmt":"2018-12-14T16:20:47","guid":{"rendered":"http:\/\/www.tenutadipaganico.it\/it\/?page_id=12509"},"modified":"2018-12-14T17:21:03","modified_gmt":"2018-12-14T16:21:03","slug":"ecosistema-tenuta-paganicoagricoltura-allevamento-allo-brado","status":"publish","type":"page","link":"https:\/\/www.tenutadipaganico.it\/it\/ecosistema-tenuta-paganicoagricoltura-allevamento-allo-brado\/","title":{"rendered":"Ecosistema Tenuta di Paganico\u2026agricoltura e allevamento allo stato brado!"},"content":{"rendered":"<p>[vc_row][vc_column][vc_column_text]<strong><span style=\"color: #000000;\">DESCRIZIONE ESPERIENZA:<\/span><\/strong><\/p>\n<p><span style=\"color: #000000;\">Vi accompagneremo nei pascoli e boschi di cerro, vissuti come casa dai nostri animali allevati allo stato brado.<\/span><\/p>\n<p><span style=\"color: #000000;\">Parleremo di quanto sia importante il legame tra territorio ed animali: perch\u00e9 abbiamo scelto di allevare bovini di razza Maremmana e suini di Cinta senese nel cuore della Maremma? Perch\u00e9 allo stato brado? Perch\u00e9 vacche, toro e vitelli vivono tutti insieme? Perch\u00e9 i maiali amano stare nel fango? A cosa servono le maestose corna dei bovini maremmani? Perch\u00e9 la scrofa fa rumore mentre allatta i suoi porchetti?<\/span><\/p>\n<p><span style=\"color: #000000;\">Ciascuna stagione vede i nostri animali in luoghi diversi dell\u2019azienda ed alimentati con prodotti biologici coltivati qui. Potrete osservare gli animali nella loro vita quotidiana e seguire Ivan nella loro gestione\u2026cure omeopatiche e controllo giornaliero, il rapporto dell\u2019allevatore con i suoi animali.<\/span><\/p>\n<p><span style=\"color: #000000;\">Ci spostiamo poi all\u2019Opificio dove avviene la lavorazione e trasformazione delle nostre carni e dove in bottega potrete trovare i nostri prodotti bio ed una selezione di altre aziende toscane che producono con la stessa filosofia. Degustiamo!<\/span><\/p>\n<p><strong><span style=\"color: #000000;\">L\u2019ESPERIENZA COMPRENDE:<\/span><\/strong><\/p>\n<p><span style=\"color: #000000;\">Visita agli allevamenti allo stato brado di bovini e suini<\/span><\/p>\n<p><span style=\"color: #000000;\">Degustazione dei prodotti biologici della Tenuta<\/span><\/p>\n<p><span style=\"color: #000000;\"><strong>MENU:<\/strong> selezione di salumi di Cinta senese, tartare di Maremmana, calice di vino rosso Montecucco bio<\/span><\/p>\n<p><span style=\"color: #000000;\"><strong>DURATA<\/strong>: 3 ore<\/span><\/p>\n<p><span style=\"color: #000000;\"><strong>CONSIGLI:<\/strong> Abbigliamento comodo e scarpe da trekking<\/span><\/p>\n<p><span style=\"color: #000000;\"><strong>NUMERO PERSONE<\/strong>: Minimo 2 \u2013 Massimo 50<\/span><\/p>\n<p><span style=\"color: #000000;\"><strong>COSTO:<\/strong> Adulti 25\u20ac &#8211; Bambini da 6 a12 anni 15\u20ac &#8211; Pacchetto famiglia (2 adulti e tutti i bambini 70\u20ac)<\/span><\/p>\n<p><span style=\"color: #000000;\"><strong>PREAVVISO:<\/strong> 7 giorni<\/span><\/p>\n<p><span style=\"color: #000000;\"><strong>LINGUE:<\/strong> italiano e inglese<\/span>[\/vc_column_text][\/vc_column][\/vc_row]<\/p>\n","protected":false},"excerpt":{"rendered":"<p>[vc_row][vc_column][vc_column_text]DESCRIZIONE ESPERIENZA: Vi accompagneremo nei pascoli e boschi di cerro, vissuti come casa dai nostri animali allevati allo stato brado. [&hellip;]<\/p>\n","protected":false},"author":1,"featured_media":12488,"parent":0,"menu_order":0,"comment_status":"closed","ping_status":"closed","template":"","meta":{"site-sidebar-layout":"default","site-content-layout":"","ast-site-content-layout":"","site-content-style":"default","site-sidebar-style":"default","ast-global-header-display":"","ast-banner-title-visibility":"","ast-main-header-display":"","ast-hfb-above-header-display":"","ast-hfb-below-header-display":"","ast-hfb-mobile-header-display":"","site-post-title":"","ast-breadcrumbs-content":"","ast-featured-img":"","footer-sml-layout":"","theme-transparent-header-meta":"","adv-header-id-meta":"","stick-header-meta":"","header-above-stick-meta":"","header-main-stick-meta":"","header-below-stick-meta":"","astra-migrate-meta-layouts":"default","ast-page-background-enabled":"default","ast-page-background-meta":{"desktop":{"background-color":"var(--ast-global-color-5)","background-image":"","background-repeat":"repeat","background-position":"center center","background-size":"auto","background-attachment":"scroll","background-type":"","background-media":"","overlay-type":"","overlay-color":"","overlay-opacity":"","overlay-gradient":""},"tablet":{"background-color":"","background-image":"","background-repeat":"repeat","background-position":"center center","background-size":"auto","background-attachment":"scroll","background-type":"","background-media":"","overlay-type":"","overlay-color":"","overlay-opacity":"","overlay-gradient":""},"mobile":{"background-color":"","background-image":"","background-repeat":"repeat","background-position":"center center","background-size":"auto","background-attachment":"scroll","background-type":"","background-media":"","overlay-type":"","overlay-color":"","overlay-opacity":"","overlay-gradient":""}},"ast-content-background-meta":{"desktop":{"background-color":"var(--ast-global-color-4)","background-image":"","background-repeat":"repeat","background-position":"center center","background-size":"auto","background-attachment":"scroll","background-type":"","background-media":"","overlay-type":"","overlay-color":"","overlay-opacity":"","overlay-gradient":""},"tablet":{"background-color":"var(--ast-global-color-4)","background-image":"","background-repeat":"repeat","background-position":"center center","background-size":"auto","background-attachment":"scroll","background-type":"","background-media":"","overlay-type":"","overlay-color":"","overlay-opacity":"","overlay-gradient":""},"mobile":{"background-color":"var(--ast-global-color-4)","background-image":"","background-repeat":"repeat","background-position":"center center","background-size":"auto","background-attachment":"scroll","background-type":"","background-media":"","overlay-type":"","overlay-color":"","overlay-opacity":"","overlay-gradient":""}},"footnotes":""},"class_list":["post-12509","page","type-page","status-publish","has-post-thumbnail","hentry"],"yoast_head":"<!-- This site is optimized with the Yoast SEO plugin v25.9 - https:\/\/yoast.com\/wordpress\/plugins\/seo\/ -->\n<title>agricoltura e allevamento brado in Tenuta di Paganico pacchetti agriturismo<\/title>\n<meta name=\"description\" content=\"Pacchetto agricoltura e allevamento brado di Bovini di razza maremmana e suini di razza Cinta senese in Tenuta di Paganico\" \/>\n<meta name=\"robots\" content=\"index, follow, max-snippet:-1, max-image-preview:large, max-video-preview:-1\" \/>\n<link rel=\"canonical\" href=\"https:\/\/www.tenutadipaganico.it\/it\/ecosistema-tenuta-paganicoagricoltura-allevamento-allo-brado\/\" \/>\n<meta property=\"og:locale\" content=\"it_IT\" \/>\n<meta property=\"og:type\" content=\"article\" \/>\n<meta property=\"og:title\" content=\"agricoltura e allevamento brado in Tenuta di Paganico pacchetti agriturismo\" \/>\n<meta property=\"og:description\" content=\"Pacchetto agricoltura e allevamento brado di Bovini di razza maremmana e suini di razza Cinta senese in Tenuta di Paganico\" \/>\n<meta property=\"og:url\" content=\"https:\/\/www.tenutadipaganico.it\/it\/ecosistema-tenuta-paganicoagricoltura-allevamento-allo-brado\/\" \/>\n<meta property=\"article:modified_time\" content=\"2018-12-14T16:21:03+00:00\" \/>\n<meta property=\"og:image\" content=\"https:\/\/www.tenutadipaganico.it\/wp-content\/uploads\/Pascolo_tenuta_di_paganico.jpg\" \/>\n\t<meta property=\"og:image:width\" content=\"500\" \/>\n\t<meta property=\"og:image:height\" content=\"500\" \/>\n\t<meta property=\"og:image:type\" content=\"image\/jpeg\" \/>\n<meta name=\"twitter:card\" content=\"summary_large_image\" \/>\n<meta name=\"twitter:label1\" content=\"Tempo di lettura stimato\" \/>\n\t<meta name=\"twitter:data1\" content=\"1 minuto\" \/>\n<script type=\"application\/ld+json\" class=\"yoast-schema-graph\">{\"@context\":\"https:\/\/schema.org\",\"@graph\":[{\"@type\":\"WebPage\",\"@id\":\"https:\/\/www.tenutadipaganico.it\/it\/ecosistema-tenuta-paganicoagricoltura-allevamento-allo-brado\/\",\"url\":\"https:\/\/www.tenutadipaganico.it\/it\/ecosistema-tenuta-paganicoagricoltura-allevamento-allo-brado\/\",\"name\":\"agricoltura e allevamento brado in Tenuta di Paganico pacchetti agriturismo\",\"isPartOf\":{\"@id\":\"https:\/\/www.tenutadipaganico.it\/it\/#website\"},\"primaryImageOfPage\":{\"@id\":\"https:\/\/www.tenutadipaganico.it\/it\/ecosistema-tenuta-paganicoagricoltura-allevamento-allo-brado\/#primaryimage\"},\"image\":{\"@id\":\"https:\/\/www.tenutadipaganico.it\/it\/ecosistema-tenuta-paganicoagricoltura-allevamento-allo-brado\/#primaryimage\"},\"thumbnailUrl\":\"https:\/\/www.tenutadipaganico.it\/wp-content\/uploads\/Pascolo_tenuta_di_paganico.jpg\",\"datePublished\":\"2018-12-14T16:20:47+00:00\",\"dateModified\":\"2018-12-14T16:21:03+00:00\",\"description\":\"Pacchetto agricoltura e allevamento brado di Bovini di razza maremmana e suini di razza Cinta senese in Tenuta di Paganico\",\"breadcrumb\":{\"@id\":\"https:\/\/www.tenutadipaganico.it\/it\/ecosistema-tenuta-paganicoagricoltura-allevamento-allo-brado\/#breadcrumb\"},\"inLanguage\":\"it-IT\",\"potentialAction\":[{\"@type\":\"ReadAction\",\"target\":[\"https:\/\/www.tenutadipaganico.it\/it\/ecosistema-tenuta-paganicoagricoltura-allevamento-allo-brado\/\"]}]},{\"@type\":\"ImageObject\",\"inLanguage\":\"it-IT\",\"@id\":\"https:\/\/www.tenutadipaganico.it\/it\/ecosistema-tenuta-paganicoagricoltura-allevamento-allo-brado\/#primaryimage\",\"url\":\"https:\/\/www.tenutadipaganico.it\/wp-content\/uploads\/Pascolo_tenuta_di_paganico.jpg\",\"contentUrl\":\"https:\/\/www.tenutadipaganico.it\/wp-content\/uploads\/Pascolo_tenuta_di_paganico.jpg\",\"width\":500,\"height\":500},{\"@type\":\"BreadcrumbList\",\"@id\":\"https:\/\/www.tenutadipaganico.it\/it\/ecosistema-tenuta-paganicoagricoltura-allevamento-allo-brado\/#breadcrumb\",\"itemListElement\":[{\"@type\":\"ListItem\",\"position\":1,\"name\":\"Home\",\"item\":\"https:\/\/www.tenutadipaganico.it\/it\/\"},{\"@type\":\"ListItem\",\"position\":2,\"name\":\"Ecosistema Tenuta di Paganico\u2026agricoltura e allevamento allo stato brado!\"}]},{\"@type\":\"WebSite\",\"@id\":\"https:\/\/www.tenutadipaganico.it\/it\/#website\",\"url\":\"https:\/\/www.tenutadipaganico.it\/it\/\",\"name\":\"\",\"description\":\"Tenuta di Paganico\",\"publisher\":{\"@id\":\"https:\/\/www.tenutadipaganico.it\/it\/#organization\"},\"potentialAction\":[{\"@type\":\"SearchAction\",\"target\":{\"@type\":\"EntryPoint\",\"urlTemplate\":\"https:\/\/www.tenutadipaganico.it\/it\/?s={search_term_string}\"},\"query-input\":{\"@type\":\"PropertyValueSpecification\",\"valueRequired\":true,\"valueName\":\"search_term_string\"}}],\"inLanguage\":\"it-IT\"},{\"@type\":\"Organization\",\"@id\":\"https:\/\/www.tenutadipaganico.it\/it\/#organization\",\"name\":\"Tenuta di Paganico\",\"url\":\"https:\/\/www.tenutadipaganico.it\/it\/\",\"logo\":{\"@type\":\"ImageObject\",\"inLanguage\":\"it-IT\",\"@id\":\"https:\/\/www.tenutadipaganico.it\/it\/#\/schema\/logo\/image\/\",\"url\":\"https:\/\/www.tenutadipaganico.it\/wp-content\/uploads\/cropped-LOGO_TENUTA_DI_PAGANICO-1.png\",\"contentUrl\":\"https:\/\/www.tenutadipaganico.it\/wp-content\/uploads\/cropped-LOGO_TENUTA_DI_PAGANICO-1.png\",\"width\":379,\"height\":140,\"caption\":\"Tenuta di Paganico\"},\"image\":{\"@id\":\"https:\/\/www.tenutadipaganico.it\/it\/#\/schema\/logo\/image\/\"}}]}<\/script>\n<!-- \/ Yoast SEO plugin. -->","yoast_head_json":{"title":"agricoltura e allevamento brado in Tenuta di Paganico pacchetti agriturismo","description":"Pacchetto agricoltura e allevamento brado di Bovini di razza maremmana e suini di razza Cinta senese in Tenuta di Paganico","robots":{"index":"index","follow":"follow","max-snippet":"max-snippet:-1","max-image-preview":"max-image-preview:large","max-video-preview":"max-video-preview:-1"},"canonical":"https:\/\/www.tenutadipaganico.it\/it\/ecosistema-tenuta-paganicoagricoltura-allevamento-allo-brado\/","og_locale":"it_IT","og_type":"article","og_title":"agricoltura e allevamento brado in Tenuta di Paganico pacchetti agriturismo","og_description":"Pacchetto agricoltura e allevamento brado di Bovini di razza maremmana e suini di razza Cinta senese in Tenuta di Paganico","og_url":"https:\/\/www.tenutadipaganico.it\/it\/ecosistema-tenuta-paganicoagricoltura-allevamento-allo-brado\/","article_modified_time":"2018-12-14T16:21:03+00:00","og_image":[{"width":500,"height":500,"url":"https:\/\/www.tenutadipaganico.it\/wp-content\/uploads\/Pascolo_tenuta_di_paganico.jpg","type":"image\/jpeg"}],"twitter_card":"summary_large_image","twitter_misc":{"Tempo di lettura stimato":"1 minuto"},"schema":{"@context":"https:\/\/schema.org","@graph":[{"@type":"WebPage","@id":"https:\/\/www.tenutadipaganico.it\/it\/ecosistema-tenuta-paganicoagricoltura-allevamento-allo-brado\/","url":"https:\/\/www.tenutadipaganico.it\/it\/ecosistema-tenuta-paganicoagricoltura-allevamento-allo-brado\/","name":"agricoltura e allevamento brado in Tenuta di Paganico pacchetti agriturismo","isPartOf":{"@id":"https:\/\/www.tenutadipaganico.it\/it\/#website"},"primaryImageOfPage":{"@id":"https:\/\/www.tenutadipaganico.it\/it\/ecosistema-tenuta-paganicoagricoltura-allevamento-allo-brado\/#primaryimage"},"image":{"@id":"https:\/\/www.tenutadipaganico.it\/it\/ecosistema-tenuta-paganicoagricoltura-allevamento-allo-brado\/#primaryimage"},"thumbnailUrl":"https:\/\/www.tenutadipaganico.it\/wp-content\/uploads\/Pascolo_tenuta_di_paganico.jpg","datePublished":"2018-12-14T16:20:47+00:00","dateModified":"2018-12-14T16:21:03+00:00","description":"Pacchetto agricoltura e allevamento brado di Bovini di razza maremmana e suini di razza Cinta senese in Tenuta di Paganico","breadcrumb":{"@id":"https:\/\/www.tenutadipaganico.it\/it\/ecosistema-tenuta-paganicoagricoltura-allevamento-allo-brado\/#breadcrumb"},"inLanguage":"it-IT","potentialAction":[{"@type":"ReadAction","target":["https:\/\/www.tenutadipaganico.it\/it\/ecosistema-tenuta-paganicoagricoltura-allevamento-allo-brado\/"]}]},{"@type":"ImageObject","inLanguage":"it-IT","@id":"https:\/\/www.tenutadipaganico.it\/it\/ecosistema-tenuta-paganicoagricoltura-allevamento-allo-brado\/#primaryimage","url":"https:\/\/www.tenutadipaganico.it\/wp-content\/uploads\/Pascolo_tenuta_di_paganico.jpg","contentUrl":"https:\/\/www.tenutadipaganico.it\/wp-content\/uploads\/Pascolo_tenuta_di_paganico.jpg","width":500,"height":500},{"@type":"BreadcrumbList","@id":"https:\/\/www.tenutadipaganico.it\/it\/ecosistema-tenuta-paganicoagricoltura-allevamento-allo-brado\/#breadcrumb","itemListElement":[{"@type":"ListItem","position":1,"name":"Home","item":"https:\/\/www.tenutadipaganico.it\/it\/"},{"@type":"ListItem","position":2,"name":"Ecosistema Tenuta di Paganico\u2026agricoltura e allevamento allo stato brado!"}]},{"@type":"WebSite","@id":"https:\/\/www.tenutadipaganico.it\/it\/#website","url":"https:\/\/www.tenutadipaganico.it\/it\/","name":"","description":"Tenuta di Paganico","publisher":{"@id":"https:\/\/www.tenutadipaganico.it\/it\/#organization"},"potentialAction":[{"@type":"SearchAction","target":{"@type":"EntryPoint","urlTemplate":"https:\/\/www.tenutadipaganico.it\/it\/?s={search_term_string}"},"query-input":{"@type":"PropertyValueSpecification","valueRequired":true,"valueName":"search_term_string"}}],"inLanguage":"it-IT"},{"@type":"Organization","@id":"https:\/\/www.tenutadipaganico.it\/it\/#organization","name":"Tenuta di Paganico","url":"https:\/\/www.tenutadipaganico.it\/it\/","logo":{"@type":"ImageObject","inLanguage":"it-IT","@id":"https:\/\/www.tenutadipaganico.it\/it\/#\/schema\/logo\/image\/","url":"https:\/\/www.tenutadipaganico.it\/wp-content\/uploads\/cropped-LOGO_TENUTA_DI_PAGANICO-1.png","contentUrl":"https:\/\/www.tenutadipaganico.it\/wp-content\/uploads\/cropped-LOGO_TENUTA_DI_PAGANICO-1.png","width":379,"height":140,"caption":"Tenuta di Paganico"},"image":{"@id":"https:\/\/www.tenutadipaganico.it\/it\/#\/schema\/logo\/image\/"}}]}},"_links":{"self":[{"href":"https:\/\/www.tenutadipaganico.it\/it\/wp-json\/wp\/v2\/pages\/12509","targetHints":{"allow":["GET"]}}],"collection":[{"href":"https:\/\/www.tenutadipaganico.it\/it\/wp-json\/wp\/v2\/pages"}],"about":[{"href":"https:\/\/www.tenutadipaganico.it\/it\/wp-json\/wp\/v2\/types\/page"}],"author":[{"embeddable":true,"href":"https:\/\/www.tenutadipaganico.it\/it\/wp-json\/wp\/v2\/users\/1"}],"replies":[{"embeddable":true,"href":"https:\/\/www.tenutadipaganico.it\/it\/wp-json\/wp\/v2\/comments?post=12509"}],"version-history":[{"count":1,"href":"https:\/\/www.tenutadipaganico.it\/it\/wp-json\/wp\/v2\/pages\/12509\/revisions"}],"predecessor-version":[{"id":12510,"href":"https:\/\/www.tenutadipaganico.it\/it\/wp-json\/wp\/v2\/pages\/12509\/revisions\/12510"}],"wp:featuredmedia":[{"embeddable":true,"href":"https:\/\/www.tenutadipaganico.it\/it\/wp-json\/wp\/v2\/media\/12488"}],"wp:attachment":[{"href":"https:\/\/www.tenutadipaganico.it\/it\/wp-json\/wp\/v2\/media?parent=12509"}],"curies":[{"name":"wp","href":"https:\/\/api.w.org\/{rel}","templated":true}]}}