{"id":11245,"date":"2017-12-01T17:35:59","date_gmt":"2017-12-01T16:35:59","guid":{"rendered":"http:\/\/www.tenutadipaganico.it\/it\/?page_id=11245"},"modified":"2017-12-20T12:40:27","modified_gmt":"2017-12-20T11:40:27","slug":"mission","status":"publish","type":"page","link":"https:\/\/www.tenutadipaganico.it\/it\/mission\/","title":{"rendered":"MISSION"},"content":{"rendered":"<p>[vc_row row_type=&#8221;1&#8243;][vc_column][vc_gallery interval=&#8221;3&#8243; images=&#8221;11247,11248&#8243; img_size=&#8221;full&#8221;][\/vc_column][\/vc_row][vc_row][vc_column][vc_empty_space][vc_column_text]<\/p>\n<h3 style=\"text-align: center;\"><em><strong>Vogliamo essere un sistema sostenibile. Esperienza e passione danno vita al legame tra animali, persone e ambiente\u201d<\/strong><\/em><\/h3>\n<p>[\/vc_column_text][vc_empty_space][vc_column_text]<\/p>\n<h3><span style=\"color: #000000;\"><strong>La Tenuta di Paganico come Sistema sostenibile<\/strong><\/span><\/h3>\n<p><span style=\"color: #000000;\">Sostenibilit\u00e0 significa equilibrio: tra passato, presente e futuro; tra sforzo e soddisfazione; tra tutela ambientale, giustizia sociale e successo economico; equilibrio significa creare le condizioni per autosostenersi, stimolando lo sviluppo di un pensiero economico circolare e territoriale.<\/span><br \/>\n<span style=\"color: #000000;\">Sostenibilit\u00e0 significa rispetto: per il territorio, per le tradizioni, per i cicli naturali della vita.<\/span><br \/>\n<span style=\"color: #000000;\">Sostenibilit\u00e0 significa trovare la giusta misura che ci permetta di ottimizzare l\u2019uso delle risorse che abbiamo a disposizione senza pesare pi\u00f9 del dovuto sull\u2019ambiente.<\/span><\/p>\n<h3><strong><span style=\"color: #000000;\">Esperienza<\/span><\/strong><\/h3>\n<p><span style=\"color: #000000;\">Vogliamo dare valore alla tradizione e a quello che abbiamo imparato in generazioni di lavoro agricolo e zootecnico. Vogliamo applicare gli insegnamenti del passato alla realt\u00e0 del presente per garantire un futuro ai nostri figli. Desideriamo creare armonia tra tradizione e innovazione, prendendo ci\u00f2 che pi\u00f9 di buono e virtuoso \u00e8 racchiuso in questi due concetti.<\/span><\/p>\n<h3><span style=\"color: #000000;\">Passione<\/span><\/h3>\n<p><span style=\"color: #000000;\">Viviamo profondamente e in modo autentico i valori di cui vogliamo farci portatori. Mettiamo tutto l\u2019impegno, le idee e la sincerit\u00e0 per raggiungere la nostra missione<\/span><\/p>\n<p><span style=\"color: #000000;\">Legame tra animali, persone e ambiente: La creazione e il mantenimento di rapporti sinceri, trasparenti e rispettosi sono alla base della nostra attivit\u00e0 e ci impegniamo a costruire e rinnovare di giorno in giorno l\u2019unione tra animali, ospiti, collaboratori e ambiente naturale. Ci impegniamo nel garantire accoglienza familiare ai nostri ospiti, nel creare un ambiente sicuro e caloroso per i nostri collaboratori, nell\u2019offrire sempre cibo salubre, nel riconoscere e rispettare i bisogni degli animali, nel creare spazi di dialogo e di confronto, nell\u2019alimentare l\u2019armonia tra le attivit\u00e0 umane e i ritmi della natura.<\/span>[\/vc_column_text][\/vc_column][\/vc_row][vc_row gap=&#8221;10&#8243; equal_height=&#8221;yes&#8221;][vc_column width=&#8221;1\/3&#8243; css=&#8221;.vc_custom_1513768678791{border-top-width: 1px !important;border-right-width: 1px !important;border-bottom-width: 1px !important;border-left-width: 1px !important;border-left-color: #b5b5b5 !important;border-left-style: solid !important;border-right-color: #b5b5b5 !important;border-right-style: solid !important;border-top-color: #b5b5b5 !important;border-top-style: solid !important;border-bottom-color: #b5b5b5 !important;border-bottom-style: solid !important;border-radius: 3px !important;}&#8221;][vc_single_image image=&#8221;11397&#8243; img_size=&#8221;full&#8221;][vc_tta_accordion style=&#8221;modern&#8221; color=&#8221;green&#8221; c_icon=&#8221;triangle&#8221; active_section=&#8221;&#8221; collapsible_all=&#8221;true&#8221;][vc_tta_section title=&#8221;Matheus&#8221; tab_id=&#8221;1513765052498-a229f826-2692&#8243;][vc_column_text]<span style=\"color: #000000;\"><strong>Chef e maitre patissier<\/strong>, oltre a deliziarci con le sue avventure dolci tra cioccolato, spezie e piatti particolarissimi, \u00e8 anche il maitre pastore dell&#8217;azienda.<\/span><br \/>\n<span style=\"color: #000000;\">Si occupa con amore e passione a tutte le nostre vacche maremmane e Cinte senesi. Il suo sogno \u00e8 quello di aprire una pasticceria nella stalla.<\/span>[\/vc_column_text][\/vc_tta_section][\/vc_tta_accordion][\/vc_column][vc_column width=&#8221;1\/3&#8243; css=&#8221;.vc_custom_1513769377834{margin-right: 10px !important;margin-left: 10px !important;border-top-width: 1px !important;border-right-width: 1px !important;border-bottom-width: 1px !important;border-left-width: 1px !important;border-left-color: #a5a5a5 !important;border-left-style: solid !important;border-right-color: #a5a5a5 !important;border-right-style: solid !important;border-top-color: #a5a5a5 !important;border-top-style: solid !important;border-bottom-color: #a5a5a5 !important;border-bottom-style: solid !important;border-radius: 3px !important;}&#8221;][vc_single_image image=&#8221;11401&#8243; img_size=&#8221;full&#8221;][vc_tta_accordion style=&#8221;modern&#8221; color=&#8221;sky&#8221; c_icon=&#8221;triangle&#8221; active_section=&#8221;&#8221; collapsible_all=&#8221;true&#8221;][vc_tta_section title=&#8221;Jacopo&#8221; tab_id=&#8221;1513763755521-8601c33a-4907&#8243;][vc_column_text]<span style=\"color: #000000;\"><strong>Chef e maitre patissier<\/strong>, scienziato della produzione animale, padre di Zeno e Anita, compagno di Elisa, presidente dell&#8217;Associazione Razza bovina Maremmana, inventore di macchine futuribili per l&#8217;allevamento, \u00e8 anche il Fattore della Tenuta\u00a0<\/span>[\/vc_column_text][vc_column_text css=&#8221;.vc_custom_1513769978075{padding-top: 4px !important;padding-bottom: 4px !important;background-color: #ff7f00 !important;}&#8221;]<\/p>\n<p style=\"text-align: center;\"><strong><span style=\"color: #ffffff;\"><a style=\"color: #ffffff;\" href=\"http:\/\/www.tenutadipaganico.it\/wp-content\/uploads\/pubblicazioni-Jacopo-Goracci.pdf\">PUBLICAZIONI E CONFERENZE<\/a><\/span><\/strong><\/p>\n<p>[\/vc_column_text][\/vc_tta_section][\/vc_tta_accordion][\/vc_column][vc_column width=&#8221;1\/3&#8243;][\/vc_column][\/vc_row][vc_row][vc_column][vc_column_text]<\/p>\n<p style=\"text-align: center;\"><strong><span style=\"color: #000000;\">Curiosit\u00e0, articoli, pubblicazioni.<\/span><\/strong><\/p>\n<p>[\/vc_column_text][\/vc_column][\/vc_row][vc_row row_type=&#8221;2&#8243; blox_bgcolor=&#8221;#f2f2f2&#8243;][vc_column][vc_empty_space height=&#8221;20px&#8221;][\/vc_column][\/vc_row][vc_row row_type=&#8221;2&#8243; blox_bgcolor=&#8221;#f2f2f2&#8243;][vc_column width=&#8221;1\/6&#8243;][vc_icon icon_fontawesome=&#8221;fa fa-file-pdf-o&#8221; color=&#8221;juicy_pink&#8221; size=&#8221;lg&#8221;][vc_column_text]<span style=\"color: #ff0000;\"><a style=\"color: #ff0000;\" href=\"http:\/\/www.tenutadipaganico.it\/wp-content\/uploads\/1710_convegno-alapas-progr.pdf\">Congresso CRA: Avicoli a lento accrescimento e Proteine alternative alla Soia<\/a><\/span>[\/vc_column_text][vc_empty_space height=&#8221;20px&#8221;][\/vc_column][vc_column width=&#8221;1\/6&#8243;][vc_icon icon_fontawesome=&#8221;fa fa-file-pdf-o&#8221; color=&#8221;juicy_pink&#8221; size=&#8221;lg&#8221;][vc_column_text]<span style=\"color: #ff0000;\"><a style=\"color: #ff0000;\" href=\"http:\/\/www.tenutadipaganico.it\/wp-content\/uploads\/CONSIGLIO-PER-LA-RICERCA-E-LA-SPERIMENTAZIONE-IN-AGRICOLTURA.pdf\">Congresso CRA:Il pascolo come alimento nell&#8217;allevamento del suino biologico<\/a><\/span>[\/vc_column_text][\/vc_column][vc_column width=&#8221;1\/6&#8243;][vc_icon icon_fontawesome=&#8221;fa fa-file-pdf-o&#8221; color=&#8221;juicy_pink&#8221; size=&#8221;lg&#8221;][vc_column_text]<span style=\"color: #ff0000;\"><a style=\"color: #ff0000;\" href=\"http:\/\/www.tenutadipaganico.it\/wp-content\/uploads\/Corriere-Maremma-7-maggio-2010.pdf\">Articolo Corriere di Maremma: La cultura delle erbe spontanee<\/a><\/span>[\/vc_column_text][\/vc_column][vc_column width=&#8221;1\/6&#8243;][vc_icon icon_fontawesome=&#8221;fa fa-file-pdf-o&#8221; color=&#8221;juicy_pink&#8221; size=&#8221;lg&#8221;][vc_column_text]<span style=\"color: #ff0000;\"><a style=\"color: #ff0000;\" href=\"http:\/\/www.tenutadipaganico.it\/wp-content\/uploads\/Goracci-et-al.-ZooBioDi-2010.pdf\">Pubblicazione scientifica &#8211; trattamento della coccidiosi su suini Cinta Senese allevati con metodo biologico<\/a><\/span>[\/vc_column_text][\/vc_column][vc_column width=&#8221;1\/6&#8243;][vc_icon icon_fontawesome=&#8221;fa fa-file-pdf-o&#8221; color=&#8221;juicy_pink&#8221; size=&#8221;lg&#8221;][vc_column_text]<span style=\"color: #ff0000;\"><a style=\"color: #ff0000;\" href=\"http:\/\/www.tenutadipaganico.it\/wp-content\/uploads\/Il-maiale-da-carne-1973.pdf\">Articolo Storico (1973): Il maiale da carne<\/a><\/span>[\/vc_column_text][\/vc_column][vc_column width=&#8221;1\/6&#8243;][vc_icon icon_fontawesome=&#8221;fa fa-file-pdf-o&#8221; color=&#8221;juicy_pink&#8221; size=&#8221;lg&#8221;][vc_column_text]<span style=\"color: #ff0000;\"><a style=\"color: #ff0000;\" href=\"http:\/\/www.tenutadipaganico.it\/wp-content\/uploads\/La-Vigna-2012.pdf\">Intervista doppia su sulla pubblicazione trimestrale della Biblioteca Internazionale &#8220;La Vigna&#8221;<\/a><\/span>[\/vc_column_text][\/vc_column][\/vc_row][vc_row row_type=&#8221;2&#8243; blox_bgcolor=&#8221;#f2f2f2&#8243;][vc_column][vc_empty_space height=&#8221;20px&#8221;][\/vc_column][\/vc_row][vc_row row_type=&#8221;2&#8243; blox_bgcolor=&#8221;#f2f2f2&#8243;][vc_column width=&#8221;1\/6&#8243;][vc_icon icon_fontawesome=&#8221;fa fa-file-pdf-o&#8221; color=&#8221;juicy_pink&#8221; size=&#8221;lg&#8221;][vc_column_text]<span style=\"color: #ff0000;\"><a style=\"color: #ff0000;\" href=\"http:\/\/www.tenutadipaganico.it\/wp-content\/uploads\/Merca-Tenuta-di-Paganico-2010.pdf\">Articolo, Maremma Magazine: La merca del bestiame, tradizione antica nella Maremma moderna<\/a><\/span>[\/vc_column_text][\/vc_column][vc_column width=&#8221;1\/6&#8243;][vc_icon icon_fontawesome=&#8221;fa fa-file-pdf-o&#8221; color=&#8221;juicy_pink&#8221; size=&#8221;lg&#8221;][vc_column_text]<span style=\"color: #ff0000;\"><a style=\"color: #ff0000;\" href=\"http:\/\/www.tenutadipaganico.it\/wp-content\/uploads\/Pascolo_bosco_Goracci-e-coll.pdf\">Pubblicazione scientifica &#8211;\u00a0Pascolo e bosco: un legame fondamentale per l&#8217;allevamento bovino brado in Toscana<\/a><\/span>[\/vc_column_text][\/vc_column][vc_column width=&#8221;1\/6&#8243;][vc_icon icon_fontawesome=&#8221;fa fa-file-pdf-o&#8221; color=&#8221;juicy_pink&#8221; size=&#8221;lg&#8221;][vc_column_text]<span style=\"color: #ff0000;\"><a style=\"color: #ff0000;\" href=\"http:\/\/www.tenutadipaganico.it\/wp-content\/uploads\/playboy-2010.pdf\">Articolo Playboy (Germania): Warum man di wahren Cowboy in Italien findet<\/a><\/span>[\/vc_column_text][\/vc_column][vc_column width=&#8221;1\/6&#8243;][vc_icon icon_fontawesome=&#8221;fa fa-file-pdf-o&#8221; color=&#8221;juicy_pink&#8221; size=&#8221;lg&#8221;][vc_column_text]<span style=\"color: #ff0000;\"><a style=\"color: #ff0000;\" href=\"http:\/\/www.tenutadipaganico.it\/wp-content\/uploads\/PROGRAMMA-CF.pdf\">Kermesse enogastronomica (Livorno) &#8211; Cacciucco&amp;friends<\/a><\/span>[\/vc_column_text][\/vc_column][vc_column width=&#8221;1\/6&#8243;][vc_icon icon_fontawesome=&#8221;fa fa-file-pdf-o&#8221; color=&#8221;juicy_pink&#8221; size=&#8221;lg&#8221;][vc_column_text]<span style=\"color: #ff0000;\"><a style=\"color: #ff0000;\" href=\"http:\/\/www.tenutadipaganico.it\/wp-content\/uploads\/Servizio-fotografico-Tenuta-Paganico.pdf\">Servizio fotografico Atelier Renato Sposa &#8211; Quando il Country diventa chic<\/a><\/span>[\/vc_column_text][\/vc_column][vc_column width=&#8221;1\/6&#8243;][vc_icon icon_fontawesome=&#8221;fa fa-file-pdf-o&#8221; color=&#8221;juicy_pink&#8221; size=&#8221;lg&#8221;][vc_column_text]<span style=\"color: #ff0000;\"><a style=\"color: #ff0000;\" href=\"http:\/\/www.tenutadipaganico.it\/wp-content\/uploads\/Terra-e-Vita-2006.pdf\">Articolo sul settimanale &#8220;Terra e vita&#8221;- Tenuta di Paganico, agricoltura e zootecnia sposano la natura<\/a><\/span>[\/vc_column_text][\/vc_column][\/vc_row][vc_row row_type=&#8221;2&#8243; blox_bgcolor=&#8221;#f2f2f2&#8243;][vc_column][vc_empty_space height=&#8221;20px&#8221;][\/vc_column][\/vc_row]<\/p>\n","protected":false},"excerpt":{"rendered":"<p>[vc_row row_type=&#8221;1&#8243;][vc_column][vc_gallery interval=&#8221;3&#8243; images=&#8221;11247,11248&#8243; img_size=&#8221;full&#8221;][\/vc_column][\/vc_row][vc_row][vc_column][vc_empty_space][vc_column_text] Vogliamo essere un sistema sostenibile. Esperienza e passione danno vita al legame tra animali, persone [&hellip;]<\/p>\n","protected":false},"author":1,"featured_media":0,"parent":0,"menu_order":0,"comment_status":"closed","ping_status":"closed","template":"","meta":{"site-sidebar-layout":"default","site-content-layout":"","ast-site-content-layout":"","site-content-style":"default","site-sidebar-style":"default","ast-global-header-display":"","ast-banner-title-visibility":"","ast-main-header-display":"","ast-hfb-above-header-display":"","ast-hfb-below-header-display":"","ast-hfb-mobile-header-display":"","site-post-title":"","ast-breadcrumbs-content":"","ast-featured-img":"","footer-sml-layout":"","theme-transparent-header-meta":"","adv-header-id-meta":"","stick-header-meta":"","header-above-stick-meta":"","header-main-stick-meta":"","header-below-stick-meta":"","astra-migrate-meta-layouts":"default","ast-page-background-enabled":"default","ast-page-background-meta":{"desktop":{"background-color":"var(--ast-global-color-5)","background-image":"","background-repeat":"repeat","background-position":"center center","background-size":"auto","background-attachment":"scroll","background-type":"","background-media":"","overlay-type":"","overlay-color":"","overlay-opacity":"","overlay-gradient":""},"tablet":{"background-color":"","background-image":"","background-repeat":"repeat","background-position":"center center","background-size":"auto","background-attachment":"scroll","background-type":"","background-media":"","overlay-type":"","overlay-color":"","overlay-opacity":"","overlay-gradient":""},"mobile":{"background-color":"","background-image":"","background-repeat":"repeat","background-position":"center center","background-size":"auto","background-attachment":"scroll","background-type":"","background-media":"","overlay-type":"","overlay-color":"","overlay-opacity":"","overlay-gradient":""}},"ast-content-background-meta":{"desktop":{"background-color":"var(--ast-global-color-4)","background-image":"","background-repeat":"repeat","background-position":"center center","background-size":"auto","background-attachment":"scroll","background-type":"","background-media":"","overlay-type":"","overlay-color":"","overlay-opacity":"","overlay-gradient":""},"tablet":{"background-color":"var(--ast-global-color-4)","background-image":"","background-repeat":"repeat","background-position":"center center","background-size":"auto","background-attachment":"scroll","background-type":"","background-media":"","overlay-type":"","overlay-color":"","overlay-opacity":"","overlay-gradient":""},"mobile":{"background-color":"var(--ast-global-color-4)","background-image":"","background-repeat":"repeat","background-position":"center center","background-size":"auto","background-attachment":"scroll","background-type":"","background-media":"","overlay-type":"","overlay-color":"","overlay-opacity":"","overlay-gradient":""}},"footnotes":""},"class_list":["post-11245","page","type-page","status-publish","hentry"],"yoast_head":"<!-- This site is optimized with the Yoast SEO plugin v25.9 - https:\/\/yoast.com\/wordpress\/plugins\/seo\/ -->\n<title>tenuta di Paganico, sostenibilit\u00e0, esperienza, rispetto e passione<\/title>\n<meta name=\"description\" content=\"La Tenuta di Paganico, un sistema sostenibile, esperienza, rispetto e passione\" \/>\n<meta name=\"robots\" content=\"index, follow, max-snippet:-1, max-image-preview:large, max-video-preview:-1\" \/>\n<link rel=\"canonical\" href=\"https:\/\/www.tenutadipaganico.it\/it\/mission\/\" \/>\n<meta property=\"og:locale\" content=\"it_IT\" \/>\n<meta property=\"og:type\" content=\"article\" \/>\n<meta property=\"og:title\" content=\"tenuta di Paganico, sostenibilit\u00e0, esperienza, rispetto e passione\" \/>\n<meta property=\"og:description\" content=\"La Tenuta di Paganico, un sistema sostenibile, esperienza, rispetto e passione\" \/>\n<meta property=\"og:url\" content=\"https:\/\/www.tenutadipaganico.it\/it\/mission\/\" \/>\n<meta property=\"article:modified_time\" content=\"2017-12-20T11:40:27+00:00\" \/>\n<meta name=\"twitter:card\" content=\"summary_large_image\" \/>\n<meta name=\"twitter:label1\" content=\"Tempo di lettura stimato\" \/>\n\t<meta name=\"twitter:data1\" content=\"6 minuti\" \/>\n<script type=\"application\/ld+json\" class=\"yoast-schema-graph\">{\"@context\":\"https:\/\/schema.org\",\"@graph\":[{\"@type\":\"WebPage\",\"@id\":\"https:\/\/www.tenutadipaganico.it\/it\/mission\/\",\"url\":\"https:\/\/www.tenutadipaganico.it\/it\/mission\/\",\"name\":\"tenuta di Paganico, sostenibilit\u00e0, esperienza, rispetto e passione\",\"isPartOf\":{\"@id\":\"https:\/\/www.tenutadipaganico.it\/it\/#website\"},\"datePublished\":\"2017-12-01T16:35:59+00:00\",\"dateModified\":\"2017-12-20T11:40:27+00:00\",\"description\":\"La Tenuta di Paganico, un sistema sostenibile, esperienza, rispetto e passione\",\"breadcrumb\":{\"@id\":\"https:\/\/www.tenutadipaganico.it\/it\/mission\/#breadcrumb\"},\"inLanguage\":\"it-IT\",\"potentialAction\":[{\"@type\":\"ReadAction\",\"target\":[\"https:\/\/www.tenutadipaganico.it\/it\/mission\/\"]}]},{\"@type\":\"BreadcrumbList\",\"@id\":\"https:\/\/www.tenutadipaganico.it\/it\/mission\/#breadcrumb\",\"itemListElement\":[{\"@type\":\"ListItem\",\"position\":1,\"name\":\"Home\",\"item\":\"https:\/\/www.tenutadipaganico.it\/it\/\"},{\"@type\":\"ListItem\",\"position\":2,\"name\":\"MISSION\"}]},{\"@type\":\"WebSite\",\"@id\":\"https:\/\/www.tenutadipaganico.it\/it\/#website\",\"url\":\"https:\/\/www.tenutadipaganico.it\/it\/\",\"name\":\"\",\"description\":\"Tenuta di Paganico\",\"publisher\":{\"@id\":\"https:\/\/www.tenutadipaganico.it\/it\/#organization\"},\"potentialAction\":[{\"@type\":\"SearchAction\",\"target\":{\"@type\":\"EntryPoint\",\"urlTemplate\":\"https:\/\/www.tenutadipaganico.it\/it\/?s={search_term_string}\"},\"query-input\":{\"@type\":\"PropertyValueSpecification\",\"valueRequired\":true,\"valueName\":\"search_term_string\"}}],\"inLanguage\":\"it-IT\"},{\"@type\":\"Organization\",\"@id\":\"https:\/\/www.tenutadipaganico.it\/it\/#organization\",\"name\":\"Tenuta di Paganico\",\"url\":\"https:\/\/www.tenutadipaganico.it\/it\/\",\"logo\":{\"@type\":\"ImageObject\",\"inLanguage\":\"it-IT\",\"@id\":\"https:\/\/www.tenutadipaganico.it\/it\/#\/schema\/logo\/image\/\",\"url\":\"https:\/\/www.tenutadipaganico.it\/wp-content\/uploads\/cropped-LOGO_TENUTA_DI_PAGANICO-1.png\",\"contentUrl\":\"https:\/\/www.tenutadipaganico.it\/wp-content\/uploads\/cropped-LOGO_TENUTA_DI_PAGANICO-1.png\",\"width\":379,\"height\":140,\"caption\":\"Tenuta di Paganico\"},\"image\":{\"@id\":\"https:\/\/www.tenutadipaganico.it\/it\/#\/schema\/logo\/image\/\"}}]}<\/script>\n<!-- \/ Yoast SEO plugin. -->","yoast_head_json":{"title":"tenuta di Paganico, sostenibilit\u00e0, esperienza, rispetto e passione","description":"La Tenuta di Paganico, un sistema sostenibile, esperienza, rispetto e passione","robots":{"index":"index","follow":"follow","max-snippet":"max-snippet:-1","max-image-preview":"max-image-preview:large","max-video-preview":"max-video-preview:-1"},"canonical":"https:\/\/www.tenutadipaganico.it\/it\/mission\/","og_locale":"it_IT","og_type":"article","og_title":"tenuta di Paganico, sostenibilit\u00e0, esperienza, rispetto e passione","og_description":"La Tenuta di Paganico, un sistema sostenibile, esperienza, rispetto e passione","og_url":"https:\/\/www.tenutadipaganico.it\/it\/mission\/","article_modified_time":"2017-12-20T11:40:27+00:00","twitter_card":"summary_large_image","twitter_misc":{"Tempo di lettura stimato":"6 minuti"},"schema":{"@context":"https:\/\/schema.org","@graph":[{"@type":"WebPage","@id":"https:\/\/www.tenutadipaganico.it\/it\/mission\/","url":"https:\/\/www.tenutadipaganico.it\/it\/mission\/","name":"tenuta di Paganico, sostenibilit\u00e0, esperienza, rispetto e passione","isPartOf":{"@id":"https:\/\/www.tenutadipaganico.it\/it\/#website"},"datePublished":"2017-12-01T16:35:59+00:00","dateModified":"2017-12-20T11:40:27+00:00","description":"La Tenuta di Paganico, un sistema sostenibile, esperienza, rispetto e passione","breadcrumb":{"@id":"https:\/\/www.tenutadipaganico.it\/it\/mission\/#breadcrumb"},"inLanguage":"it-IT","potentialAction":[{"@type":"ReadAction","target":["https:\/\/www.tenutadipaganico.it\/it\/mission\/"]}]},{"@type":"BreadcrumbList","@id":"https:\/\/www.tenutadipaganico.it\/it\/mission\/#breadcrumb","itemListElement":[{"@type":"ListItem","position":1,"name":"Home","item":"https:\/\/www.tenutadipaganico.it\/it\/"},{"@type":"ListItem","position":2,"name":"MISSION"}]},{"@type":"WebSite","@id":"https:\/\/www.tenutadipaganico.it\/it\/#website","url":"https:\/\/www.tenutadipaganico.it\/it\/","name":"","description":"Tenuta di Paganico","publisher":{"@id":"https:\/\/www.tenutadipaganico.it\/it\/#organization"},"potentialAction":[{"@type":"SearchAction","target":{"@type":"EntryPoint","urlTemplate":"https:\/\/www.tenutadipaganico.it\/it\/?s={search_term_string}"},"query-input":{"@type":"PropertyValueSpecification","valueRequired":true,"valueName":"search_term_string"}}],"inLanguage":"it-IT"},{"@type":"Organization","@id":"https:\/\/www.tenutadipaganico.it\/it\/#organization","name":"Tenuta di Paganico","url":"https:\/\/www.tenutadipaganico.it\/it\/","logo":{"@type":"ImageObject","inLanguage":"it-IT","@id":"https:\/\/www.tenutadipaganico.it\/it\/#\/schema\/logo\/image\/","url":"https:\/\/www.tenutadipaganico.it\/wp-content\/uploads\/cropped-LOGO_TENUTA_DI_PAGANICO-1.png","contentUrl":"https:\/\/www.tenutadipaganico.it\/wp-content\/uploads\/cropped-LOGO_TENUTA_DI_PAGANICO-1.png","width":379,"height":140,"caption":"Tenuta di Paganico"},"image":{"@id":"https:\/\/www.tenutadipaganico.it\/it\/#\/schema\/logo\/image\/"}}]}},"_links":{"self":[{"href":"https:\/\/www.tenutadipaganico.it\/it\/wp-json\/wp\/v2\/pages\/11245","targetHints":{"allow":["GET"]}}],"collection":[{"href":"https:\/\/www.tenutadipaganico.it\/it\/wp-json\/wp\/v2\/pages"}],"about":[{"href":"https:\/\/www.tenutadipaganico.it\/it\/wp-json\/wp\/v2\/types\/page"}],"author":[{"embeddable":true,"href":"https:\/\/www.tenutadipaganico.it\/it\/wp-json\/wp\/v2\/users\/1"}],"replies":[{"embeddable":true,"href":"https:\/\/www.tenutadipaganico.it\/it\/wp-json\/wp\/v2\/comments?post=11245"}],"version-history":[{"count":30,"href":"https:\/\/www.tenutadipaganico.it\/it\/wp-json\/wp\/v2\/pages\/11245\/revisions"}],"predecessor-version":[{"id":11437,"href":"https:\/\/www.tenutadipaganico.it\/it\/wp-json\/wp\/v2\/pages\/11245\/revisions\/11437"}],"wp:attachment":[{"href":"https:\/\/www.tenutadipaganico.it\/it\/wp-json\/wp\/v2\/media?parent=11245"}],"curies":[{"name":"wp","href":"https:\/\/api.w.org\/{rel}","templated":true}]}}