{"id":16297,"date":"2025-03-27T11:00:43","date_gmt":"2025-03-27T10:00:43","guid":{"rendered":"https:\/\/www.tenutadipaganico.it\/it\/?page_id=16297"},"modified":"2025-03-27T11:03:10","modified_gmt":"2025-03-27T10:03:10","slug":"projekte","status":"publish","type":"page","link":"https:\/\/www.tenutadipaganico.it\/de\/projekte\/","title":{"rendered":"PROJEKTE"},"content":{"rendered":"\t\t<div data-elementor-type=\"wp-page\" data-elementor-id=\"16297\" class=\"elementor elementor-16297\" data-elementor-post-type=\"page\">\n\t\t\t\t<div class=\"elementor-element elementor-element-bda4bf4 e-flex e-con-boxed e-con e-parent\" data-id=\"bda4bf4\" data-element_type=\"container\">\n\t\t\t\t\t<div class=\"e-con-inner\">\n\t\t\t\t<div class=\"elementor-element elementor-element-cdfa07a elementor-widget elementor-widget-text-editor\" data-id=\"cdfa07a\" data-element_type=\"widget\" data-widget_type=\"text-editor.default\">\n\t\t\t\t<div class=\"elementor-widget-container\">\n\t\t\t\t\t\t\t\t\t<p style=\"text-align: center;\"><span style=\"color: #000000;\">Die <strong>Tenuta di Paganico<\/strong> ist nicht<\/span><br \/><span style=\"color: #000000;\">nur ein einfacher landwirtschaftlicher Betrieb, sondern seit jeher auch eine Ideenschmiede.<\/span><br \/><span style=\"color: #000000;\">Dank der Schaffung eines Netzwerks zwischen<\/span><br \/><span style=\"color: #000000;\">unserem Unternehmen, anderen \u00e4hnlichen Realit\u00e4ten in der Region und verschiedenen Forschungseinrichtungen, nehmen einige unserer Visionen allm\u00e4hlich Gestalt an,<\/span><br \/><span style=\"color: #000000;\">was uns allen neue Impulse gibt, T\u00fcren \u00f6ffnet und<\/span><br \/><span style=\"color: #000000;\">technische M\u00f6glichkeiten bietet, die zuvor undenkbar waren.<\/span><br \/><span style=\"color: #000000;\">So haben wir beschlossen, einen<\/span><br \/><span style=\"color: #000000;\">Bereich zu schaffen, der den verschiedenen Projektaktivit\u00e4ten gewidmet ist, indem wir diese<\/span><br \/><span style=\"color: #000000;\">Seite auf unserer Website einf\u00fcgen, wo Sie neben der<\/span><br \/><span style=\"color: #000000;\">Beschreibung der verschiedenen Aktivit\u00e4ten auch einen Gro\u00dfteil der<\/span><br \/><span style=\"color: #000000;\">erstellten Materialien finden.<\/span><br \/><span style=\"color: #000000;\">Wir w\u00fcnschen Ihnen eine angenehme Lekt\u00fcre und<\/span><br \/><span style=\"color: #000000;\">stehen Ihnen, wie immer, f\u00fcr alle Ihre Fragen<\/span><br \/><span style=\"color: #000000;\">bez\u00fcglich allem, was wir vorantreiben, zur Verf\u00fcgung.<\/span><\/p>\t\t\t\t\t\t\t\t<\/div>\n\t\t\t\t<\/div>\n\t\t\t\t<div class=\"elementor-element elementor-element-007efd5 elementor-widget elementor-widget-text-editor\" data-id=\"007efd5\" data-element_type=\"widget\" data-widget_type=\"text-editor.default\">\n\t\t\t\t<div class=\"elementor-widget-container\">\n\t\t\t\t\t\t\t\t\t<h2 style=\"text-align: center;\"><span style=\"color: #000000;\"><strong>EUROP\u00c4ISCHE PROJEKTE<\/strong><\/span><\/h2>\t\t\t\t\t\t\t\t<\/div>\n\t\t\t\t<\/div>\n\t\t\t\t<div class=\"elementor-element elementor-element-d38332f elementor-widget elementor-widget-text-editor\" data-id=\"d38332f\" data-element_type=\"widget\" data-widget_type=\"text-editor.default\">\n\t\t\t\t<div class=\"elementor-widget-container\">\n\t\t\t\t\t\t\t\t\t<h2 style=\"text-align: center;\"><span style=\"color: #000000;\">Gender Equality Plan<\/span><\/h2><ul><li style=\"text-align: center;\"><span style=\"color: #000000;\">There gender balance at Tenuta di Paganico Soc. Agr. SpA is at high standard, with 48% female employee (4.2023).<\/span><\/li><li style=\"text-align: center;\"><span style=\"color: #000000;\">At hiring persons, gender euqality will be considered to improve even more the gender balance in leadership and decision-making.<\/span><\/li><li style=\"text-align: center;\"><span style=\"color: #000000;\">Sex and\/or gender disaggregated data on personnel will be kept in bookkeeping of the institution and updated in regular interval (at least annual).<\/span><\/li><li style=\"text-align: center;\"><span style=\"color: #000000;\">Awareness of gender equality will be raised by regular talk with the employee as well as encouraging to take trainings.<\/span><\/li><li style=\"text-align: center;\"><span style=\"color: #000000;\">Work-life balance of the employee will be taken care.<\/span><\/li><li style=\"text-align: center;\"><span style=\"color: #000000;\">A contact person exist for consulting to prevent and solve against gender-based violence, including sexual harassment (CEO Maria Novella Uzielli).<\/span><\/li><\/ul>\t\t\t\t\t\t\t\t<\/div>\n\t\t\t\t<\/div>\n\t\t\t\t\t<\/div>\n\t\t\t\t<\/div>\n\t\t<div class=\"elementor-element elementor-element-5c9de6e e-flex e-con-boxed e-con e-parent\" data-id=\"5c9de6e\" data-element_type=\"container\">\n\t\t\t\t\t<div class=\"e-con-inner\">\n\t\t<div class=\"elementor-element elementor-element-8132a7f e-con-full e-flex e-con e-child\" data-id=\"8132a7f\" data-element_type=\"container\" data-settings=\"{&quot;background_background&quot;:&quot;classic&quot;}\">\n\t\t\t\t<div class=\"elementor-element elementor-element-0389787 content-align-cta-center elementor-widget elementor-widget-eael-cta-box\" data-id=\"0389787\" data-element_type=\"widget\" data-widget_type=\"eael-cta-box.default\">\n\t\t\t\t<div class=\"elementor-widget-container\">\n\t\t\t\t\t\t\t<div class=\"eael-call-to-action cta-basic bg-lite cta-preset-1\">\n        <h2 class=\"title\">PROGETTO MARRUCA<\/h2><p>PROGETTO MARRUCA - Maremmana e produzione di carne bovina sostenibile - MISURA 16.2 FAR Maremma Gli aspetti innovativi del progetto prevedono lo studio, lo sviluppo e la valutazione di indicatori innovativi per la filiera della carne bovina di razza Maremmana...<\/p><a href=\"http:\/\/www.tenutadipaganico.it\/it\/progetto-marruca\/\" target=\"_blank\" class=\"cta-button cta-preset-1  \">LEGGI TUTTO<\/a>\t<\/div>\n\t\t\t\t\t\t\t\t<\/div>\n\t\t\t\t<\/div>\n\t\t\t\t<\/div>\n\t\t<div class=\"elementor-element elementor-element-8508a2b e-con-full e-flex e-con e-child\" data-id=\"8508a2b\" data-element_type=\"container\">\n\t\t\t\t<div class=\"elementor-element elementor-element-34879dd content-align-cta-center elementor-widget elementor-widget-eael-cta-box\" data-id=\"34879dd\" data-element_type=\"widget\" data-widget_type=\"eael-cta-box.default\">\n\t\t\t\t<div class=\"elementor-widget-container\">\n\t\t\t\t\t\t\t<div class=\"eael-call-to-action cta-basic bg-lite cta-preset-1\">\n        <h2 class=\"title\">IN CI.MA. IL BENESSERE<\/h2><p>INcroci di CInta senese allevati sui pascoli della MAremma toscana: qualit\u00e0 della carne e BENESSERE animale \u2013 In. Ci.Ma. il Benessere Gli aspetti innovativi del progetto prevedono la verifica della qualit\u00e0 delle carni fresche di un suino ibrido su base Cinta senese....<\/p><a href=\"http:\/\/www.tenutadipaganico.it\/it\/in-ci-ma-il-benessere\/\" target=\"_blank\" class=\"cta-button cta-preset-1  \">LEGGI TUTTO<\/a>\t<\/div>\n\t\t\t\t\t\t\t\t<\/div>\n\t\t\t\t<\/div>\n\t\t\t\t<\/div>\n\t\t\t\t\t<\/div>\n\t\t\t\t<\/div>\n\t\t\t\t<\/div>\n\t\t","protected":false},"excerpt":{"rendered":"<p>Die Tenuta di Paganico ist nichtnur ein einfacher landwirtschaftlicher Betrieb, sondern seit jeher auch eine Ideenschmiede.Dank der Schaffung eines Netzwerks [&hellip;]<\/p>\n","protected":false},"author":1,"featured_media":0,"parent":0,"menu_order":0,"comment_status":"closed","ping_status":"closed","template":"","meta":{"site-sidebar-layout":"no-sidebar","site-content-layout":"plain-container","ast-site-content-layout":"","site-content-style":"default","site-sidebar-style":"default","ast-global-header-display":"","ast-banner-title-visibility":"","ast-main-header-display":"","ast-hfb-above-header-display":"","ast-hfb-below-header-display":"","ast-hfb-mobile-header-display":"","site-post-title":"disabled","ast-breadcrumbs-content":"","ast-featured-img":"disabled","footer-sml-layout":"","theme-transparent-header-meta":"","adv-header-id-meta":"","stick-header-meta":"","header-above-stick-meta":"","header-main-stick-meta":"","header-below-stick-meta":"","astra-migrate-meta-layouts":"default","ast-page-background-enabled":"default","ast-page-background-meta":{"desktop":{"background-color":"var(--ast-global-color-5)","background-image":"","background-repeat":"repeat","background-position":"center center","background-size":"auto","background-attachment":"scroll","background-type":"","background-media":"","overlay-type":"","overlay-color":"","overlay-opacity":"","overlay-gradient":""},"tablet":{"background-color":"","background-image":"","background-repeat":"repeat","background-position":"center center","background-size":"auto","background-attachment":"scroll","background-type":"","background-media":"","overlay-type":"","overlay-color":"","overlay-opacity":"","overlay-gradient":""},"mobile":{"background-color":"","background-image":"","background-repeat":"repeat","background-position":"center center","background-size":"auto","background-attachment":"scroll","background-type":"","background-media":"","overlay-type":"","overlay-color":"","overlay-opacity":"","overlay-gradient":""}},"ast-content-background-meta":{"desktop":{"background-color":"var(--ast-global-color-4)","background-image":"","background-repeat":"repeat","background-position":"center center","background-size":"auto","background-attachment":"scroll","background-type":"","background-media":"","overlay-type":"","overlay-color":"","overlay-opacity":"","overlay-gradient":""},"tablet":{"background-color":"var(--ast-global-color-4)","background-image":"","background-repeat":"repeat","background-position":"center center","background-size":"auto","background-attachment":"scroll","background-type":"","background-media":"","overlay-type":"","overlay-color":"","overlay-opacity":"","overlay-gradient":""},"mobile":{"background-color":"var(--ast-global-color-4)","background-image":"","background-repeat":"repeat","background-position":"center center","background-size":"auto","background-attachment":"scroll","background-type":"","background-media":"","overlay-type":"","overlay-color":"","overlay-opacity":"","overlay-gradient":""}},"footnotes":""},"class_list":["post-16297","page","type-page","status-publish","hentry"],"yoast_head":"<!-- This site is optimized with the Yoast SEO plugin v25.9 - https:\/\/yoast.com\/wordpress\/plugins\/seo\/ -->\n<title>PROJEKTE -<\/title>\n<meta name=\"robots\" content=\"index, follow, max-snippet:-1, max-image-preview:large, max-video-preview:-1\" \/>\n<link rel=\"canonical\" href=\"https:\/\/www.tenutadipaganico.it\/de\/projekte\/\" \/>\n<meta property=\"og:locale\" content=\"de_DE\" \/>\n<meta property=\"og:type\" content=\"article\" \/>\n<meta property=\"og:title\" content=\"PROJEKTE -\" \/>\n<meta property=\"og:description\" content=\"Die Tenuta di Paganico ist nichtnur ein einfacher landwirtschaftlicher Betrieb, sondern seit jeher auch eine Ideenschmiede.Dank der Schaffung eines Netzwerks [&hellip;]\" \/>\n<meta property=\"og:url\" content=\"https:\/\/www.tenutadipaganico.it\/de\/projekte\/\" \/>\n<meta property=\"article:modified_time\" content=\"2025-03-27T10:03:10+00:00\" \/>\n<meta name=\"twitter:card\" content=\"summary_large_image\" \/>\n<meta name=\"twitter:label1\" content=\"Est. reading time\" \/>\n\t<meta name=\"twitter:data1\" content=\"2 minutes\" \/>\n<script type=\"application\/ld+json\" class=\"yoast-schema-graph\">{\"@context\":\"https:\/\/schema.org\",\"@graph\":[{\"@type\":\"WebPage\",\"@id\":\"https:\/\/www.tenutadipaganico.it\/de\/projekte\/\",\"url\":\"https:\/\/www.tenutadipaganico.it\/de\/projekte\/\",\"name\":\"PROJEKTE -\",\"isPartOf\":{\"@id\":\"https:\/\/www.tenutadipaganico.it\/it\/#website\"},\"datePublished\":\"2025-03-27T10:00:43+00:00\",\"dateModified\":\"2025-03-27T10:03:10+00:00\",\"breadcrumb\":{\"@id\":\"https:\/\/www.tenutadipaganico.it\/de\/projekte\/#breadcrumb\"},\"inLanguage\":\"de-DE\",\"potentialAction\":[{\"@type\":\"ReadAction\",\"target\":[\"https:\/\/www.tenutadipaganico.it\/de\/projekte\/\"]}]},{\"@type\":\"BreadcrumbList\",\"@id\":\"https:\/\/www.tenutadipaganico.it\/de\/projekte\/#breadcrumb\",\"itemListElement\":[{\"@type\":\"ListItem\",\"position\":1,\"name\":\"Home\",\"item\":\"https:\/\/www.tenutadipaganico.it\/de\/\"},{\"@type\":\"ListItem\",\"position\":2,\"name\":\"PROJEKTE\"}]},{\"@type\":\"WebSite\",\"@id\":\"https:\/\/www.tenutadipaganico.it\/it\/#website\",\"url\":\"https:\/\/www.tenutadipaganico.it\/it\/\",\"name\":\"\",\"description\":\"Tenuta di Paganico\",\"publisher\":{\"@id\":\"https:\/\/www.tenutadipaganico.it\/it\/#organization\"},\"potentialAction\":[{\"@type\":\"SearchAction\",\"target\":{\"@type\":\"EntryPoint\",\"urlTemplate\":\"https:\/\/www.tenutadipaganico.it\/it\/?s={search_term_string}\"},\"query-input\":{\"@type\":\"PropertyValueSpecification\",\"valueRequired\":true,\"valueName\":\"search_term_string\"}}],\"inLanguage\":\"de-DE\"},{\"@type\":\"Organization\",\"@id\":\"https:\/\/www.tenutadipaganico.it\/it\/#organization\",\"name\":\"Tenuta di Paganico\",\"url\":\"https:\/\/www.tenutadipaganico.it\/it\/\",\"logo\":{\"@type\":\"ImageObject\",\"inLanguage\":\"de-DE\",\"@id\":\"https:\/\/www.tenutadipaganico.it\/it\/#\/schema\/logo\/image\/\",\"url\":\"https:\/\/www.tenutadipaganico.it\/wp-content\/uploads\/cropped-LOGO_TENUTA_DI_PAGANICO-1.png\",\"contentUrl\":\"https:\/\/www.tenutadipaganico.it\/wp-content\/uploads\/cropped-LOGO_TENUTA_DI_PAGANICO-1.png\",\"width\":379,\"height\":140,\"caption\":\"Tenuta di Paganico\"},\"image\":{\"@id\":\"https:\/\/www.tenutadipaganico.it\/it\/#\/schema\/logo\/image\/\"}}]}<\/script>\n<!-- \/ Yoast SEO plugin. -->","yoast_head_json":{"title":"PROJEKTE -","robots":{"index":"index","follow":"follow","max-snippet":"max-snippet:-1","max-image-preview":"max-image-preview:large","max-video-preview":"max-video-preview:-1"},"canonical":"https:\/\/www.tenutadipaganico.it\/de\/projekte\/","og_locale":"de_DE","og_type":"article","og_title":"PROJEKTE -","og_description":"Die Tenuta di Paganico ist nichtnur ein einfacher landwirtschaftlicher Betrieb, sondern seit jeher auch eine Ideenschmiede.Dank der Schaffung eines Netzwerks [&hellip;]","og_url":"https:\/\/www.tenutadipaganico.it\/de\/projekte\/","article_modified_time":"2025-03-27T10:03:10+00:00","twitter_card":"summary_large_image","twitter_misc":{"Est. reading time":"2 minutes"},"schema":{"@context":"https:\/\/schema.org","@graph":[{"@type":"WebPage","@id":"https:\/\/www.tenutadipaganico.it\/de\/projekte\/","url":"https:\/\/www.tenutadipaganico.it\/de\/projekte\/","name":"PROJEKTE -","isPartOf":{"@id":"https:\/\/www.tenutadipaganico.it\/it\/#website"},"datePublished":"2025-03-27T10:00:43+00:00","dateModified":"2025-03-27T10:03:10+00:00","breadcrumb":{"@id":"https:\/\/www.tenutadipaganico.it\/de\/projekte\/#breadcrumb"},"inLanguage":"de-DE","potentialAction":[{"@type":"ReadAction","target":["https:\/\/www.tenutadipaganico.it\/de\/projekte\/"]}]},{"@type":"BreadcrumbList","@id":"https:\/\/www.tenutadipaganico.it\/de\/projekte\/#breadcrumb","itemListElement":[{"@type":"ListItem","position":1,"name":"Home","item":"https:\/\/www.tenutadipaganico.it\/de\/"},{"@type":"ListItem","position":2,"name":"PROJEKTE"}]},{"@type":"WebSite","@id":"https:\/\/www.tenutadipaganico.it\/it\/#website","url":"https:\/\/www.tenutadipaganico.it\/it\/","name":"","description":"Tenuta di Paganico","publisher":{"@id":"https:\/\/www.tenutadipaganico.it\/it\/#organization"},"potentialAction":[{"@type":"SearchAction","target":{"@type":"EntryPoint","urlTemplate":"https:\/\/www.tenutadipaganico.it\/it\/?s={search_term_string}"},"query-input":{"@type":"PropertyValueSpecification","valueRequired":true,"valueName":"search_term_string"}}],"inLanguage":"de-DE"},{"@type":"Organization","@id":"https:\/\/www.tenutadipaganico.it\/it\/#organization","name":"Tenuta di Paganico","url":"https:\/\/www.tenutadipaganico.it\/it\/","logo":{"@type":"ImageObject","inLanguage":"de-DE","@id":"https:\/\/www.tenutadipaganico.it\/it\/#\/schema\/logo\/image\/","url":"https:\/\/www.tenutadipaganico.it\/wp-content\/uploads\/cropped-LOGO_TENUTA_DI_PAGANICO-1.png","contentUrl":"https:\/\/www.tenutadipaganico.it\/wp-content\/uploads\/cropped-LOGO_TENUTA_DI_PAGANICO-1.png","width":379,"height":140,"caption":"Tenuta di Paganico"},"image":{"@id":"https:\/\/www.tenutadipaganico.it\/it\/#\/schema\/logo\/image\/"}}]}},"_links":{"self":[{"href":"https:\/\/www.tenutadipaganico.it\/de\/wp-json\/wp\/v2\/pages\/16297","targetHints":{"allow":["GET"]}}],"collection":[{"href":"https:\/\/www.tenutadipaganico.it\/de\/wp-json\/wp\/v2\/pages"}],"about":[{"href":"https:\/\/www.tenutadipaganico.it\/de\/wp-json\/wp\/v2\/types\/page"}],"author":[{"embeddable":true,"href":"https:\/\/www.tenutadipaganico.it\/de\/wp-json\/wp\/v2\/users\/1"}],"replies":[{"embeddable":true,"href":"https:\/\/www.tenutadipaganico.it\/de\/wp-json\/wp\/v2\/comments?post=16297"}],"version-history":[{"count":7,"href":"https:\/\/www.tenutadipaganico.it\/de\/wp-json\/wp\/v2\/pages\/16297\/revisions"}],"predecessor-version":[{"id":16306,"href":"https:\/\/www.tenutadipaganico.it\/de\/wp-json\/wp\/v2\/pages\/16297\/revisions\/16306"}],"wp:attachment":[{"href":"https:\/\/www.tenutadipaganico.it\/de\/wp-json\/wp\/v2\/media?parent=16297"}],"curies":[{"name":"wp","href":"https:\/\/api.w.org\/{rel}","templated":true}]}}